{"id":40,"date":"2022-07-03T10:59:17","date_gmt":"2022-07-03T10:59:17","guid":{"rendered":"https:\/\/seiboth.de\/?page_id=40"},"modified":"2022-07-03T13:57:32","modified_gmt":"2022-07-03T13:57:32","slug":"seiboth-software-constructions","status":"publish","type":"page","link":"https:\/\/seiboth.de\/","title":{"rendered":"Seiboth Software Constructions"},"content":{"rendered":"\n<p><strong>SAW<\/strong> ist unsere f\u00fcr kleine und mittlere Unternehmen entwickelte Warenwirtschafts-L\u00f6sung.<br>Das Produkt wird seit 1995 laufend weiterentwickelt und bietet Ihnen heute folgende Hauptvorteile:<\/p>\n\n\n\n<ul><li>Vollst\u00e4ndige Auftragsabwicklung und Lagerverwaltung Durchg\u00e4ngig logische und wirklich leicht verst\u00e4ndliche Bedienung.<br><\/li><li>Jederzeit auf Ihre ganz speziellen Belange anpassbar bzw. erweiterbar Skalierbar vom Einzelplatzsystem bis hin zu mehreren hundert Netzwerkbenutzern.<br><\/li><li>Viele n\u00fctzliche Funktionen \u00fcber das \u00dcbliche hinaus (z.B. erledigen Sie Serienbriefe ganz bequem mit der integrierten Textverarbeitung &#8211; kein umst\u00e4ndlicher Adressenexport mehr&nbsp;nach Word)<\/li><\/ul>\n\n\n\n<p>Am Besten lassen Sie sich SAW einmal unverbindlich vorf\u00fchren.<\/p>\n\n\n\n<p><\/p>\n\n\n\n<p><strong>SAM<\/strong> ist eine auf SAW basierende L\u00f6sung speziell ausgerichtet auf die Belange bei der Vermietung von Fahrzeugen.<br>Eine vollst\u00e4ndige Kalender\u00fcbersicht, in welcher Sie alle Vermietvorg\u00e4nge (auch geplante) getrennt nach Eigenbestand, Fremdanmietung etc. sehen und bequem bearbeiten k\u00f6nnen ist die Basis f\u00fcr alle Vorg\u00e4nge.<\/p>\n\n\n\n<p>Auch hier gilt nat\u00fcrlich: Am Besten lassen Sie sich SAM einmal unverbindlich vorf\u00fchren.<\/p>\n\n\n\n<p><\/p>\n\n\n\n<p><strong>AdrX<\/strong> &#8211; die handliche Einzelplatzl\u00f6sung dient in erster Linie der komfortablen Verwaltung von Adressdaten.<br>Die Professional-Version bietet sich dank des Rechnungsmoduls f\u00fcr Freiberufler und Selbst\u00e4ndige an.<\/p>\n","protected":false},"excerpt":{"rendered":"<p>SAW ist unsere f\u00fcr kleine und mittlere Unternehmen entwickelte Warenwirtschafts-L\u00f6sung.Das Produkt wird seit 1995 laufend weiterentwickelt und bietet Ihnen heute folgende Hauptvorteile: Vollst\u00e4ndige Auftragsabwicklung und Lagerverwaltung Durchg\u00e4ngig logische&hellip;<\/p>\n","protected":false},"author":1,"featured_media":0,"parent":0,"menu_order":0,"comment_status":"closed","ping_status":"closed","template":"","meta":[],"_links":{"self":[{"href":"https:\/\/seiboth.de\/index.php?rest_route=\/wp\/v2\/pages\/40"}],"collection":[{"href":"https:\/\/seiboth.de\/index.php?rest_route=\/wp\/v2\/pages"}],"about":[{"href":"https:\/\/seiboth.de\/index.php?rest_route=\/wp\/v2\/types\/page"}],"author":[{"embeddable":true,"href":"https:\/\/seiboth.de\/index.php?rest_route=\/wp\/v2\/users\/1"}],"replies":[{"embeddable":true,"href":"https:\/\/seiboth.de\/index.php?rest_route=%2Fwp%2Fv2%2Fcomments&post=40"}],"version-history":[{"count":5,"href":"https:\/\/seiboth.de\/index.php?rest_route=\/wp\/v2\/pages\/40\/revisions"}],"predecessor-version":[{"id":72,"href":"https:\/\/seiboth.de\/index.php?rest_route=\/wp\/v2\/pages\/40\/revisions\/72"}],"wp:attachment":[{"href":"https:\/\/seiboth.de\/index.php?rest_route=%2Fwp%2Fv2%2Fmedia&parent=40"}],"curies":[{"name":"wp","href":"https:\/\/api.w.org\/{rel}","templated":true}]}}